{"id":1260,"date":"2020-10-06T06:34:18","date_gmt":"2020-10-06T06:34:18","guid":{"rendered":"https:\/\/jazairhope.org\/?page_id=1260"},"modified":"2023-07-05T10:21:53","modified_gmt":"2023-07-05T09:21:53","slug":"contribute","status":"publish","type":"page","link":"https:\/\/jazairhope.org\/en\/contribute\/","title":{"rendered":"Contribute"},"content":{"rendered":"\t\t<div data-elementor-type=\"wp-page\" data-elementor-id=\"1260\" class=\"elementor elementor-1260\">\n\t\t\t\t\t\t<section class=\"penci-section penci-disSticky penci-structure-10 elementor-section elementor-top-section elementor-element elementor-element-77c82a16 elementor-section-boxed elementor-section-height-default elementor-section-height-default\" data-id=\"77c82a16\" data-element_type=\"section\" data-e-type=\"section\">\n\t\t\t\t\t\t<div class=\"elementor-container elementor-column-gap-default\">\n\t\t\t\t\t<div class=\"penci-ercol-100 penci-ercol-order-1 penci-sticky-ct    elementor-column elementor-col-100 elementor-top-column elementor-element elementor-element-8aa86b6\" data-id=\"8aa86b6\" data-element_type=\"column\" data-e-type=\"column\">\n\t\t\t<div class=\"elementor-widget-wrap elementor-element-populated\">\n\t\t\t\t\t\t<div class=\"elementor-element elementor-element-8d17470 elementor-widget elementor-widget-text-editor\" data-id=\"8d17470\" data-element_type=\"widget\" data-e-type=\"widget\" data-widget_type=\"text-editor.default\">\n\t\t\t\t<div class=\"elementor-widget-container\">\n\t\t\t\t\t\t\t\t\t<p><span style=\"font-family: Consolas, Monaco, monospace; font-size: 14px; background-color: #fafae0;\">\n<!-- User Submitted Posts @ https:\/\/m0n.co\/usp -->\n\n<div id=\"user-submitted-posts\">\n\t\t\n\t<form id=\"usp_form\" method=\"post\" enctype=\"multipart\/form-data\" action=\"\">\n\t\t<div id=\"usp-error-message\" class=\"usp-callout-failure usp-hidden\">Please complete the required fields.<\/div>\n\t\t\t\t\n\t\t<fieldset class=\"usp-name\">\n\t\t\t<label for=\"user-submitted-name\">Your Name<\/label>\n\t\t\t<input id=\"user-submitted-name\" name=\"user-submitted-name\" type=\"text\" value=\"\" placeholder=\"Your Name\" class=\"usp-input\">\n\t\t<\/fieldset>\n\t\t\t\t\n\t\t<fieldset class=\"usp-email\">\n\t\t\t<label for=\"user-submitted-email\">Your Email<\/label>\n\t\t\t<input id=\"user-submitted-email\" name=\"user-submitted-email\" type=\"email\" data-parsley-type=\"email\" value=\"\" placeholder=\"Your Email\" class=\"usp-input\">\n\t\t<\/fieldset>\n\t\t\t\t\n\t\t<fieldset class=\"usp-title\">\n\t\t\t<label for=\"user-submitted-title\">Post Title<\/label>\n\t\t\t<input id=\"user-submitted-title\" name=\"user-submitted-title\" type=\"text\" value=\"\" placeholder=\"Post Title\" class=\"usp-input\">\n\t\t<\/fieldset>\n\t\t\t\t\n\t\t<fieldset class=\"usp-category\">\n\t\t\t<label for=\"user-submitted-category\">Post Category<\/label>\n\t\t\t<select id=\"user-submitted-category\" multiple=\"multiple\" class=\"usp-select usp-multiple\" name=\"user-submitted-category[]\">\n\t\t\t\t<option value=\"\" selected=\"true\" disabled>Please select a category..<\/option>\n\t\t\t\t<option value=\"15\" class=\"usp-cat-parent\">Algerian Algeria<\/option><option value=\"10\" class=\"usp-cat-parent\">Art &amp; Culture<\/option><option value=\"12\" class=\"usp-cat-parent\">Economy<\/option><option value=\"16\" class=\"usp-cat-parent\">Education<\/option><option value=\"4\" class=\"usp-cat-parent\">Featured Articles<\/option><option value=\"8\" class=\"usp-cat-parent\">Health &amp; Environment<\/option><option value=\"14\" class=\"usp-cat-parent\">History &amp; Heritage<\/option><option value=\"11\" class=\"usp-cat-parent\">Politics<\/option><option value=\"9\" class=\"usp-cat-parent\">Science &amp; Technology<\/option><option value=\"17\" class=\"usp-cat-parent\">Sport &amp; Society<\/option><option value=\"13\" class=\"usp-cat-parent\">The Algerian Sahara<\/option>\t\t\t<\/select>\n\t\t<\/fieldset>\n\t\t\t\t\n\t\t<fieldset class=\"usp-content\">\n\t\t\t\t\t\t\n\t\t\t<div class=\"usp_text-editor\">\n\t\t\t<div id=\"wp-uspcontent-wrap\" class=\"wp-core-ui wp-editor-wrap tmce-active\"><link rel='stylesheet' id='dashicons-css' href='https:\/\/jazairhope.org\/wp-includes\/css\/dashicons.min.css?ver=6.9.4' type='text\/css' media='all' \/>\n<link rel='stylesheet' id='editor-buttons-css' href='https:\/\/jazairhope.org\/wp-includes\/css\/editor.min.css?ver=6.9.4' type='text\/css' media='all' \/>\n<div id=\"wp-uspcontent-editor-tools\" class=\"wp-editor-tools hide-if-no-js\"><div class=\"wp-editor-tabs\"><button type=\"button\" id=\"uspcontent-tmce\" aria-pressed=\"true\" class=\"wp-switch-editor switch-tmce\" data-wp-editor-id=\"uspcontent\">Visual<\/button>\n<button type=\"button\" id=\"uspcontent-html\" class=\"wp-switch-editor switch-html\" data-wp-editor-id=\"uspcontent\">Code<\/button>\n<\/div>\n<\/div>\n<div id=\"wp-uspcontent-editor-container\" class=\"wp-editor-container\"><div id=\"qt_uspcontent_toolbar\" class=\"quicktags-toolbar hide-if-no-js\"><\/div><textarea class=\"usp-rich-textarea wp-editor-area\" rows=\"10\" autocomplete=\"off\" cols=\"40\" name=\"user-submitted-content\" id=\"uspcontent\"><\/textarea><\/div>\n<\/div>\n\n\t\t\t\t\n\t\t\t<\/div>\n\t\t\t\t\t\t\n\t\t<\/fieldset>\n\t\t\t\t\t\t\n\t\t<fieldset class=\"usp-images\">\n\t\t\t<label for=\"user-submitted-image\">Upload an Image<\/label>\n\t\t\t<div id=\"usp-upload-message\"><\/div>\n\t\t\t<div id=\"user-submitted-image\">\n\t\t\t\t\t\t\t\n\t\t\t\t<input name=\"user-submitted-image[]\" type=\"file\" size=\"25\" class=\"usp-input usp-clone\" data-parsley-excluded=\"true\" accept=\"image\/*\">\n\t\t\t\t<a href=\"#\" id=\"usp_add-another\" class=\"usp-no-js\">Add another image<\/a>\t\t\t\t\t\t\t\n\t\t\t<\/div>\n\t\t\t<input type=\"hidden\" class=\"usp-hidden\" id=\"usp-min-images\" name=\"usp-min-images\" value=\"0\">\n\t\t\t<input type=\"hidden\" class=\"usp-hidden\" id=\"usp-max-images\" name=\"usp-max-images\" value=\"5\">\n\t\t<\/fieldset>\n\t\t\t\t\t\t\n\t\t<fieldset id=\"usp_verify\" style=\"display:none;\">\n\t\t\t<label for=\"user-submitted-verify\">Human verification: leave this field empty.<\/label>\n\t\t\t<input id=\"user-submitted-verify\" name=\"user-submitted-verify\" type=\"text\" value=\"\" data-parsley-excluded=\"true\">\n\t\t<\/fieldset>\n\t\t\n\t\t<fieldset class=\"usp-checkbox\"><input id=\"user-submitted-checkbox\" name=\"usp_custom_checkbox\" type=\"checkbox\" value=\"\"> <label for=\"user-submitted-checkbox\"><p class=\"ctext\">\nMerci mille fois pour la contribution, si elle refl\u00e8te l&#8217;esprit et l&#8217;objectif du site, c&#8217;est-\u00e0-dire la positivit\u00e9, la constructivit\u00e9 et concerne exclusivement l&#8217;Alg\u00e9rie, votre contribution sera certainement publi\u00e9e.<b>\nEn cochant la case \u00e0 gauche et en cliquant sur le bouton &#8220;Soumettre&#8221;, vous acceptez d&#8217;assumer l&#8217;enti\u00e8re responsabilit\u00e9 du contenu de votre soumission. nous esperons vous revoir bientot<b>\n<\/p>\n<\/label><\/fieldset>\t\t\n\t\t<div id=\"usp-submit\">\n\t\t\t\t\t\t\t\t\t\t\t\t\t\t\t\t\t\t\n\t\t\t<input type=\"submit\" class=\"usp-submit\" id=\"user-submitted-post\" name=\"user-submitted-post\" value=\"Submit Post\">\n\t\t\t<input type=\"hidden\" id=\"usp-nonce\" name=\"usp-nonce\" value=\"43e1f62f85\" \/>\t\t\t\n\t\t<\/div>\n\t\t\n\t<\/form>\n<\/div>\n<script>(function(){var e = document.getElementById('usp_verify'); if(e) e.parentNode.removeChild(e);})();<\/script>\n\n<\/span><\/p><p>\u00a0<\/p>\t\t\t\t\t\t\t\t<\/div>\n\t\t\t\t<\/div>\n\t\t\t\t\t<\/div>\n\t\t<\/div>\n\t\t\t\t\t<\/div>\n\t\t<\/section>\n\t\t\t\t<\/div>\n\t\t","protected":false},"excerpt":{"rendered":"<p>&nbsp;<\/p>\n","protected":false},"author":1,"featured_media":0,"parent":0,"menu_order":0,"comment_status":"closed","ping_status":"closed","template":"","meta":{"_lmt_disableupdate":"","_lmt_disable":"","footnotes":""},"class_list":["post-1260","page","type-page","status-publish","hentry"],"yoast_head":"<!-- This site is optimized with the Yoast SEO plugin v27.3 - https:\/\/yoast.com\/product\/yoast-seo-wordpress\/ -->\n<title>Contribute - AAH.JZR<\/title>\n<meta name=\"robots\" content=\"index, follow, max-snippet:-1, max-image-preview:large, max-video-preview:-1\" \/>\n<link rel=\"canonical\" href=\"https:\/\/jazairhope.org\/fr\/contribute\/\" \/>\n<meta property=\"og:locale\" content=\"en_US\" \/>\n<meta property=\"og:type\" content=\"article\" \/>\n<meta property=\"og:title\" content=\"Contribute - AAH.JZR\" \/>\n<meta property=\"og:description\" content=\"&nbsp;\" \/>\n<meta property=\"og:url\" content=\"https:\/\/jazairhope.org\/fr\/contribute\/\" \/>\n<meta property=\"og:site_name\" content=\"AAH.JZR\" \/>\n<meta property=\"article:publisher\" content=\"https:\/\/www.facebook.com\/jazairhope\" \/>\n<meta property=\"article:modified_time\" content=\"2023-07-05T09:21:53+00:00\" \/>\n<meta name=\"twitter:card\" content=\"summary_large_image\" \/>\n<meta name=\"twitter:label1\" content=\"Est. reading time\" \/>\n\t<meta name=\"twitter:data1\" content=\"1 minute\" \/>\n<script type=\"application\/ld+json\" class=\"yoast-schema-graph\">{\"@context\":\"https:\\\/\\\/schema.org\",\"@graph\":[{\"@type\":\"WebPage\",\"@id\":\"https:\\\/\\\/jazairhope.org\\\/fr\\\/contribute\\\/\",\"url\":\"https:\\\/\\\/jazairhope.org\\\/fr\\\/contribute\\\/\",\"name\":\"Contribute - AAH.JZR\",\"isPartOf\":{\"@id\":\"https:\\\/\\\/jazairhope.org\\\/fr\\\/#website\"},\"datePublished\":\"2020-10-06T06:34:18+00:00\",\"dateModified\":\"2023-07-05T09:21:53+00:00\",\"breadcrumb\":{\"@id\":\"https:\\\/\\\/jazairhope.org\\\/fr\\\/contribute\\\/#breadcrumb\"},\"inLanguage\":\"en-US\",\"potentialAction\":[{\"@type\":\"ReadAction\",\"target\":[\"https:\\\/\\\/jazairhope.org\\\/fr\\\/contribute\\\/\"]}]},{\"@type\":\"BreadcrumbList\",\"@id\":\"https:\\\/\\\/jazairhope.org\\\/fr\\\/contribute\\\/#breadcrumb\",\"itemListElement\":[{\"@type\":\"ListItem\",\"position\":1,\"name\":\"Accueil\",\"item\":\"https:\\\/\\\/jazairhope.org\\\/fr\\\/\"},{\"@type\":\"ListItem\",\"position\":2,\"name\":\"Contribute\"}]},{\"@type\":\"WebSite\",\"@id\":\"https:\\\/\\\/jazairhope.org\\\/fr\\\/#website\",\"url\":\"https:\\\/\\\/jazairhope.org\\\/fr\\\/\",\"name\":\"AAH.JZR\",\"description\":\"Environment, Health, Science, Art, Economics\",\"potentialAction\":[{\"@type\":\"SearchAction\",\"target\":{\"@type\":\"EntryPoint\",\"urlTemplate\":\"https:\\\/\\\/jazairhope.org\\\/fr\\\/?s={search_term_string}\"},\"query-input\":{\"@type\":\"PropertyValueSpecification\",\"valueRequired\":true,\"valueName\":\"search_term_string\"}}],\"inLanguage\":\"en-US\"}]}<\/script>\n<!-- \/ Yoast SEO plugin. -->","yoast_head_json":{"title":"Contribute - AAH.JZR","robots":{"index":"index","follow":"follow","max-snippet":"max-snippet:-1","max-image-preview":"max-image-preview:large","max-video-preview":"max-video-preview:-1"},"canonical":"https:\/\/jazairhope.org\/fr\/contribute\/","og_locale":"en_US","og_type":"article","og_title":"Contribute - AAH.JZR","og_description":"&nbsp;","og_url":"https:\/\/jazairhope.org\/fr\/contribute\/","og_site_name":"AAH.JZR","article_publisher":"https:\/\/www.facebook.com\/jazairhope","article_modified_time":"2023-07-05T09:21:53+00:00","twitter_card":"summary_large_image","twitter_misc":{"Est. reading time":"1 minute"},"schema":{"@context":"https:\/\/schema.org","@graph":[{"@type":"WebPage","@id":"https:\/\/jazairhope.org\/fr\/contribute\/","url":"https:\/\/jazairhope.org\/fr\/contribute\/","name":"Contribute - AAH.JZR","isPartOf":{"@id":"https:\/\/jazairhope.org\/fr\/#website"},"datePublished":"2020-10-06T06:34:18+00:00","dateModified":"2023-07-05T09:21:53+00:00","breadcrumb":{"@id":"https:\/\/jazairhope.org\/fr\/contribute\/#breadcrumb"},"inLanguage":"en-US","potentialAction":[{"@type":"ReadAction","target":["https:\/\/jazairhope.org\/fr\/contribute\/"]}]},{"@type":"BreadcrumbList","@id":"https:\/\/jazairhope.org\/fr\/contribute\/#breadcrumb","itemListElement":[{"@type":"ListItem","position":1,"name":"Accueil","item":"https:\/\/jazairhope.org\/fr\/"},{"@type":"ListItem","position":2,"name":"Contribute"}]},{"@type":"WebSite","@id":"https:\/\/jazairhope.org\/fr\/#website","url":"https:\/\/jazairhope.org\/fr\/","name":"AAH.JZR","description":"Environment, Health, Science, Art, Economics","potentialAction":[{"@type":"SearchAction","target":{"@type":"EntryPoint","urlTemplate":"https:\/\/jazairhope.org\/fr\/?s={search_term_string}"},"query-input":{"@type":"PropertyValueSpecification","valueRequired":true,"valueName":"search_term_string"}}],"inLanguage":"en-US"}]}},"_links":{"self":[{"href":"https:\/\/jazairhope.org\/en\/wp-json\/wp\/v2\/pages\/1260","targetHints":{"allow":["GET"]}}],"collection":[{"href":"https:\/\/jazairhope.org\/en\/wp-json\/wp\/v2\/pages"}],"about":[{"href":"https:\/\/jazairhope.org\/en\/wp-json\/wp\/v2\/types\/page"}],"author":[{"embeddable":true,"href":"https:\/\/jazairhope.org\/en\/wp-json\/wp\/v2\/users\/1"}],"replies":[{"embeddable":true,"href":"https:\/\/jazairhope.org\/en\/wp-json\/wp\/v2\/comments?post=1260"}],"version-history":[{"count":8,"href":"https:\/\/jazairhope.org\/en\/wp-json\/wp\/v2\/pages\/1260\/revisions"}],"predecessor-version":[{"id":112388,"href":"https:\/\/jazairhope.org\/en\/wp-json\/wp\/v2\/pages\/1260\/revisions\/112388"}],"wp:attachment":[{"href":"https:\/\/jazairhope.org\/en\/wp-json\/wp\/v2\/media?parent=1260"}],"curies":[{"name":"wp","href":"https:\/\/api.w.org\/{rel}","templated":true}]}}