{"id":77905,"date":"2023-06-11T09:01:20","date_gmt":"2023-06-11T08:01:20","guid":{"rendered":"https:\/\/jazairhope.org\/?page_id=77905"},"modified":"2024-12-27T00:03:37","modified_gmt":"2024-12-26T23:03:37","slug":"etagere-a-livres","status":"publish","type":"page","link":"https:\/\/jazairhope.org\/fr\/etagere-a-livres\/","title":{"rendered":"\u00c9TAG\u00c8RE \u00c0 LIVRES"},"content":{"rendered":"\t\t<div data-elementor-type=\"wp-page\" data-elementor-id=\"77905\" class=\"elementor elementor-77905\">\n\t\t\t\t\t\t<section class=\"penci-section penci-disSticky penci-structure-10 elementor-section elementor-top-section elementor-element elementor-element-2cea5047 elementor-section-boxed elementor-section-height-default elementor-section-height-default\" data-id=\"2cea5047\" data-element_type=\"section\" data-e-type=\"section\">\n\t\t\t\t\t\t<div class=\"elementor-container elementor-column-gap-default\">\n\t\t\t\t\t<div class=\"penci-ercol-100 penci-ercol-order-1 penci-sticky-ct    elementor-column elementor-col-100 elementor-top-column elementor-element elementor-element-cca717f\" data-id=\"cca717f\" data-element_type=\"column\" data-e-type=\"column\">\n\t\t\t<div class=\"elementor-widget-wrap elementor-element-populated\">\n\t\t\t\t\t\t<section class=\"penci-section penci-disSticky penci-structure-30 elementor-section elementor-inner-section elementor-element elementor-element-32c140c elementor-section-boxed elementor-section-height-default elementor-section-height-default\" data-id=\"32c140c\" data-element_type=\"section\" data-e-type=\"section\">\n\t\t\t\t\t\t<div class=\"elementor-container elementor-column-gap-default\">\n\t\t\t\t\t<div class=\"penci-ercol-33 penci-ercol-order-1 penci-sticky-sb penci-sidebarSC   elementor-column elementor-col-33 elementor-inner-column elementor-element elementor-element-dc58b20\" data-id=\"dc58b20\" data-element_type=\"column\" data-e-type=\"column\">\n\t\t\t<div class=\"elementor-widget-wrap elementor-element-populated\">\n\t\t\t\t\t\t<div class=\"elementor-element elementor-element-559fcb1 elementor-widget elementor-widget-image\" data-id=\"559fcb1\" data-element_type=\"widget\" data-e-type=\"widget\" data-widget_type=\"image.default\">\n\t\t\t\t<div class=\"elementor-widget-container\">\n\t\t\t\t\t\t\t\t\t\t\t\t\t\t\t\t<a href=\"https:\/\/jazairhope.org\/ebook\/\" target=\"_blank\">\n\t\t\t\t\t\t\t<img fetchpriority=\"high\" decoding=\"async\" width=\"588\" height=\"887\" src=\"https:\/\/jazairhope.org\/wp-content\/uploads\/2024\/12\/jh1.jpg\" class=\"attachment-large size-large wp-image-112537\" alt=\"\" srcset=\"https:\/\/jazairhope.org\/wp-content\/uploads\/2024\/12\/jh1.jpg 588w, https:\/\/jazairhope.org\/wp-content\/uploads\/2024\/12\/jh1-199x300.jpg 199w, https:\/\/jazairhope.org\/wp-content\/uploads\/2024\/12\/jh1-585x882.jpg 585w\" sizes=\"(max-width: 588px) 100vw, 588px\" \/>\t\t\t\t\t\t\t\t<\/a>\n\t\t\t\t\t\t\t\t\t\t\t\t\t\t\t<\/div>\n\t\t\t\t<\/div>\n\t\t\t\t<div class=\"elementor-element elementor-element-97b9fe4 elementor-widget elementor-widget-image\" data-id=\"97b9fe4\" data-element_type=\"widget\" data-e-type=\"widget\" data-widget_type=\"image.default\">\n\t\t\t\t<div class=\"elementor-widget-container\">\n\t\t\t\t\t\t\t\t\t\t\t\t\t\t\t\t<a href=\"https:\/\/jazairhope.org\/magazines\/\" target=\"_blank\">\n\t\t\t\t\t\t\t<img decoding=\"async\" width=\"724\" height=\"1024\" src=\"https:\/\/jazairhope.org\/wp-content\/uploads\/2024\/12\/JANUARY2025-1-724x1024.jpg\" class=\"attachment-large size-large wp-image-112571\" alt=\"\" srcset=\"https:\/\/jazairhope.org\/wp-content\/uploads\/2024\/12\/JANUARY2025-1-724x1024.jpg 724w, https:\/\/jazairhope.org\/wp-content\/uploads\/2024\/12\/JANUARY2025-1-212x300.jpg 212w, https:\/\/jazairhope.org\/wp-content\/uploads\/2024\/12\/JANUARY2025-1-768x1086.jpg 768w, https:\/\/jazairhope.org\/wp-content\/uploads\/2024\/12\/JANUARY2025-1-1086x1536.jpg 1086w, https:\/\/jazairhope.org\/wp-content\/uploads\/2024\/12\/JANUARY2025-1-1170x1655.jpg 1170w, https:\/\/jazairhope.org\/wp-content\/uploads\/2024\/12\/JANUARY2025-1-585x827.jpg 585w, https:\/\/jazairhope.org\/wp-content\/uploads\/2024\/12\/JANUARY2025-1.jpg 1414w\" sizes=\"(max-width: 724px) 100vw, 724px\" \/>\t\t\t\t\t\t\t\t<\/a>\n\t\t\t\t\t\t\t\t\t\t\t\t\t\t\t<\/div>\n\t\t\t\t<\/div>\n\t\t\t\t\t<\/div>\n\t\t<\/div>\n\t\t\t\t<div class=\"penci-ercol-33 penci-ercol-order-2 penci-sticky-sb penci-sidebarSC   elementor-column elementor-col-33 elementor-inner-column elementor-element elementor-element-ea553c6\" data-id=\"ea553c6\" data-element_type=\"column\" data-e-type=\"column\">\n\t\t\t<div class=\"elementor-widget-wrap elementor-element-populated\">\n\t\t\t\t\t\t<div class=\"elementor-element elementor-element-17fb903 elementor-widget elementor-widget-image\" data-id=\"17fb903\" data-element_type=\"widget\" data-e-type=\"widget\" data-widget_type=\"image.default\">\n\t\t\t\t<div class=\"elementor-widget-container\">\n\t\t\t\t\t\t\t\t\t\t\t\t\t\t\t\t<a href=\"https:\/\/jazairhope.org\/wp-content\/uploads\/2023\/06\/Dictionnaire-de-la-guerre-dAlgerie.pdf\" target=\"_blank\">\n\t\t\t\t\t\t\t<img decoding=\"async\" width=\"397\" height=\"516\" src=\"https:\/\/jazairhope.org\/wp-content\/uploads\/2023\/06\/Screenshot-2023-06-11-132139-397x516.png\" class=\"attachment-penci-magazine-slider size-penci-magazine-slider wp-image-77909\" alt=\"\" \/>\t\t\t\t\t\t\t\t<\/a>\n\t\t\t\t\t\t\t\t\t\t\t\t\t\t\t<\/div>\n\t\t\t\t<\/div>\n\t\t\t\t\t<\/div>\n\t\t<\/div>\n\t\t\t\t<div class=\"penci-ercol-33 penci-ercol-order-3 penci-sticky-sb penci-sidebarSC   elementor-column elementor-col-33 elementor-inner-column elementor-element elementor-element-2a3cc13\" data-id=\"2a3cc13\" data-element_type=\"column\" data-e-type=\"column\">\n\t\t\t<div class=\"elementor-widget-wrap elementor-element-populated\">\n\t\t\t\t\t\t<div class=\"elementor-element elementor-element-daaebe1 elementor-widget elementor-widget-image\" data-id=\"daaebe1\" data-element_type=\"widget\" data-e-type=\"widget\" data-widget_type=\"image.default\">\n\t\t\t\t<div class=\"elementor-widget-container\">\n\t\t\t\t\t\t\t\t\t\t\t\t\t\t\t\t<a href=\"https:\/\/jazairhope.org\/wp-content\/uploads\/2023\/06\/Jean-Pruvost-Nos-ancetres-les-Arabes.pdf\" target=\"_blank\">\n\t\t\t\t\t\t\t<img loading=\"lazy\" decoding=\"async\" width=\"400\" height=\"516\" src=\"https:\/\/jazairhope.org\/wp-content\/uploads\/2023\/06\/Screenshot-2023-06-11-132244-400x516.png\" class=\"attachment-penci-magazine-slider size-penci-magazine-slider wp-image-77912\" alt=\"\" \/>\t\t\t\t\t\t\t\t<\/a>\n\t\t\t\t\t\t\t\t\t\t\t\t\t\t\t<\/div>\n\t\t\t\t<\/div>\n\t\t\t\t\t<\/div>\n\t\t<\/div>\n\t\t\t\t\t<\/div>\n\t\t<\/section>\n\t\t\t\t\t<\/div>\n\t\t<\/div>\n\t\t\t\t\t<\/div>\n\t\t<\/section>\n\t\t\t\t<\/div>\n\t\t","protected":false},"excerpt":{"rendered":"","protected":false},"author":1,"featured_media":0,"parent":0,"menu_order":0,"comment_status":"closed","ping_status":"closed","template":"","meta":{"_lmt_disableupdate":"","_lmt_disable":"","footnotes":""},"class_list":["post-77905","page","type-page","status-publish","hentry"],"yoast_head":"<!-- This site is optimized with the Yoast SEO plugin v27.3 - https:\/\/yoast.com\/product\/yoast-seo-wordpress\/ -->\n<title>\u00c9TAG\u00c8RE \u00c0 LIVRES - AAH.JZR<\/title>\n<meta name=\"robots\" content=\"index, follow, max-snippet:-1, max-image-preview:large, max-video-preview:-1\" \/>\n<link rel=\"canonical\" href=\"https:\/\/jazairhope.org\/fr\/etagere-a-livres\/\" \/>\n<meta property=\"og:locale\" content=\"fr_FR\" \/>\n<meta property=\"og:type\" content=\"article\" \/>\n<meta property=\"og:title\" content=\"\u00c9TAG\u00c8RE \u00c0 LIVRES - AAH.JZR\" \/>\n<meta property=\"og:url\" content=\"https:\/\/jazairhope.org\/fr\/etagere-a-livres\/\" \/>\n<meta property=\"og:site_name\" content=\"AAH.JZR\" \/>\n<meta property=\"article:publisher\" content=\"https:\/\/www.facebook.com\/jazairhope\" \/>\n<meta property=\"article:modified_time\" content=\"2024-12-26T23:03:37+00:00\" \/>\n<meta property=\"og:image\" content=\"https:\/\/jazairhope.org\/wp-content\/uploads\/2024\/12\/jh1.jpg\" \/>\n\t<meta property=\"og:image:width\" content=\"588\" \/>\n\t<meta property=\"og:image:height\" content=\"887\" \/>\n\t<meta property=\"og:image:type\" content=\"image\/jpeg\" \/>\n<meta name=\"twitter:card\" content=\"summary_large_image\" \/>\n<meta name=\"twitter:label1\" content=\"Dur\u00e9e de lecture estim\u00e9e\" \/>\n\t<meta name=\"twitter:data1\" content=\"1 minute\" \/>\n<script type=\"application\/ld+json\" class=\"yoast-schema-graph\">{\"@context\":\"https:\\\/\\\/schema.org\",\"@graph\":[{\"@type\":\"WebPage\",\"@id\":\"https:\\\/\\\/jazairhope.org\\\/fr\\\/etagere-a-livres\\\/\",\"url\":\"https:\\\/\\\/jazairhope.org\\\/fr\\\/etagere-a-livres\\\/\",\"name\":\"\u00c9TAG\u00c8RE \u00c0 LIVRES - AAH.JZR\",\"isPartOf\":{\"@id\":\"https:\\\/\\\/jazairhope.org\\\/fr\\\/#website\"},\"primaryImageOfPage\":{\"@id\":\"https:\\\/\\\/jazairhope.org\\\/fr\\\/etagere-a-livres\\\/#primaryimage\"},\"image\":{\"@id\":\"https:\\\/\\\/jazairhope.org\\\/fr\\\/etagere-a-livres\\\/#primaryimage\"},\"thumbnailUrl\":\"https:\\\/\\\/jazairhope.org\\\/wp-content\\\/uploads\\\/2024\\\/12\\\/jh1.jpg\",\"datePublished\":\"2023-06-11T08:01:20+00:00\",\"dateModified\":\"2024-12-26T23:03:37+00:00\",\"breadcrumb\":{\"@id\":\"https:\\\/\\\/jazairhope.org\\\/fr\\\/etagere-a-livres\\\/#breadcrumb\"},\"inLanguage\":\"fr-FR\",\"potentialAction\":[{\"@type\":\"ReadAction\",\"target\":[\"https:\\\/\\\/jazairhope.org\\\/fr\\\/etagere-a-livres\\\/\"]}]},{\"@type\":\"ImageObject\",\"inLanguage\":\"fr-FR\",\"@id\":\"https:\\\/\\\/jazairhope.org\\\/fr\\\/etagere-a-livres\\\/#primaryimage\",\"url\":\"https:\\\/\\\/jazairhope.org\\\/wp-content\\\/uploads\\\/2024\\\/12\\\/jh1.jpg\",\"contentUrl\":\"https:\\\/\\\/jazairhope.org\\\/wp-content\\\/uploads\\\/2024\\\/12\\\/jh1.jpg\"},{\"@type\":\"BreadcrumbList\",\"@id\":\"https:\\\/\\\/jazairhope.org\\\/fr\\\/etagere-a-livres\\\/#breadcrumb\",\"itemListElement\":[{\"@type\":\"ListItem\",\"position\":1,\"name\":\"Accueil\",\"item\":\"https:\\\/\\\/jazairhope.org\\\/fr\\\/\"},{\"@type\":\"ListItem\",\"position\":2,\"name\":\"\u00c9TAG\u00c8RE \u00c0 LIVRES\"}]},{\"@type\":\"WebSite\",\"@id\":\"https:\\\/\\\/jazairhope.org\\\/fr\\\/#website\",\"url\":\"https:\\\/\\\/jazairhope.org\\\/fr\\\/\",\"name\":\"AAH.JZR\",\"description\":\"Environment, Health, Science, Art, Economics\",\"potentialAction\":[{\"@type\":\"SearchAction\",\"target\":{\"@type\":\"EntryPoint\",\"urlTemplate\":\"https:\\\/\\\/jazairhope.org\\\/fr\\\/?s={search_term_string}\"},\"query-input\":{\"@type\":\"PropertyValueSpecification\",\"valueRequired\":true,\"valueName\":\"search_term_string\"}}],\"inLanguage\":\"fr-FR\"}]}<\/script>\n<!-- \/ Yoast SEO plugin. -->","yoast_head_json":{"title":"\u00c9TAG\u00c8RE \u00c0 LIVRES - AAH.JZR","robots":{"index":"index","follow":"follow","max-snippet":"max-snippet:-1","max-image-preview":"max-image-preview:large","max-video-preview":"max-video-preview:-1"},"canonical":"https:\/\/jazairhope.org\/fr\/etagere-a-livres\/","og_locale":"fr_FR","og_type":"article","og_title":"\u00c9TAG\u00c8RE \u00c0 LIVRES - AAH.JZR","og_url":"https:\/\/jazairhope.org\/fr\/etagere-a-livres\/","og_site_name":"AAH.JZR","article_publisher":"https:\/\/www.facebook.com\/jazairhope","article_modified_time":"2024-12-26T23:03:37+00:00","og_image":[{"width":588,"height":887,"url":"https:\/\/jazairhope.org\/wp-content\/uploads\/2024\/12\/jh1.jpg","type":"image\/jpeg"}],"twitter_card":"summary_large_image","twitter_misc":{"Dur\u00e9e de lecture estim\u00e9e":"1 minute"},"schema":{"@context":"https:\/\/schema.org","@graph":[{"@type":"WebPage","@id":"https:\/\/jazairhope.org\/fr\/etagere-a-livres\/","url":"https:\/\/jazairhope.org\/fr\/etagere-a-livres\/","name":"\u00c9TAG\u00c8RE \u00c0 LIVRES - AAH.JZR","isPartOf":{"@id":"https:\/\/jazairhope.org\/fr\/#website"},"primaryImageOfPage":{"@id":"https:\/\/jazairhope.org\/fr\/etagere-a-livres\/#primaryimage"},"image":{"@id":"https:\/\/jazairhope.org\/fr\/etagere-a-livres\/#primaryimage"},"thumbnailUrl":"https:\/\/jazairhope.org\/wp-content\/uploads\/2024\/12\/jh1.jpg","datePublished":"2023-06-11T08:01:20+00:00","dateModified":"2024-12-26T23:03:37+00:00","breadcrumb":{"@id":"https:\/\/jazairhope.org\/fr\/etagere-a-livres\/#breadcrumb"},"inLanguage":"fr-FR","potentialAction":[{"@type":"ReadAction","target":["https:\/\/jazairhope.org\/fr\/etagere-a-livres\/"]}]},{"@type":"ImageObject","inLanguage":"fr-FR","@id":"https:\/\/jazairhope.org\/fr\/etagere-a-livres\/#primaryimage","url":"https:\/\/jazairhope.org\/wp-content\/uploads\/2024\/12\/jh1.jpg","contentUrl":"https:\/\/jazairhope.org\/wp-content\/uploads\/2024\/12\/jh1.jpg"},{"@type":"BreadcrumbList","@id":"https:\/\/jazairhope.org\/fr\/etagere-a-livres\/#breadcrumb","itemListElement":[{"@type":"ListItem","position":1,"name":"Accueil","item":"https:\/\/jazairhope.org\/fr\/"},{"@type":"ListItem","position":2,"name":"\u00c9TAG\u00c8RE \u00c0 LIVRES"}]},{"@type":"WebSite","@id":"https:\/\/jazairhope.org\/fr\/#website","url":"https:\/\/jazairhope.org\/fr\/","name":"AAH.JZR","description":"Environment, Health, Science, Art, Economics","potentialAction":[{"@type":"SearchAction","target":{"@type":"EntryPoint","urlTemplate":"https:\/\/jazairhope.org\/fr\/?s={search_term_string}"},"query-input":{"@type":"PropertyValueSpecification","valueRequired":true,"valueName":"search_term_string"}}],"inLanguage":"fr-FR"}]}},"_links":{"self":[{"href":"https:\/\/jazairhope.org\/fr\/wp-json\/wp\/v2\/pages\/77905","targetHints":{"allow":["GET"]}}],"collection":[{"href":"https:\/\/jazairhope.org\/fr\/wp-json\/wp\/v2\/pages"}],"about":[{"href":"https:\/\/jazairhope.org\/fr\/wp-json\/wp\/v2\/types\/page"}],"author":[{"embeddable":true,"href":"https:\/\/jazairhope.org\/fr\/wp-json\/wp\/v2\/users\/1"}],"replies":[{"embeddable":true,"href":"https:\/\/jazairhope.org\/fr\/wp-json\/wp\/v2\/comments?post=77905"}],"version-history":[{"count":46,"href":"https:\/\/jazairhope.org\/fr\/wp-json\/wp\/v2\/pages\/77905\/revisions"}],"predecessor-version":[{"id":112591,"href":"https:\/\/jazairhope.org\/fr\/wp-json\/wp\/v2\/pages\/77905\/revisions\/112591"}],"wp:attachment":[{"href":"https:\/\/jazairhope.org\/fr\/wp-json\/wp\/v2\/media?parent=77905"}],"curies":[{"name":"wp","href":"https:\/\/api.w.org\/{rel}","templated":true}]}}